{"id":28,"date":"2023-10-17T14:41:38","date_gmt":"2023-10-17T12:41:38","guid":{"rendered":"https:\/\/artemis-synergy.de\/?page_id=28"},"modified":"2025-02-23T18:39:02","modified_gmt":"2025-02-23T17:39:02","slug":"impressum","status":"publish","type":"page","link":"https:\/\/artemis-synergy.de\/en\/impressum\/","title":{"rendered":"Imprint"},"content":{"rendered":"<div data-elementor-type=\"wp-page\" data-elementor-id=\"28\" class=\"elementor elementor-28\" data-elementor-post-type=\"page\">\n\t\t\t\t<div class=\"elementor-element elementor-element-1e82784 e-con-full e-flex e-con e-parent\" data-id=\"1e82784\" data-element_type=\"container\" data-e-type=\"container\" data-settings=\"{&quot;background_background&quot;:&quot;video&quot;,&quot;background_video_link&quot;:&quot;https:\\\/\\\/artemis-synergy.de\\\/wp-content\\\/uploads\\\/2023\\\/12\\\/rechtliches.mp4&quot;,&quot;background_play_on_mobile&quot;:&quot;yes&quot;}\">\n\t\t<div class=\"elementor-background-video-container\">\n\t\t\t\t\t\t\t<video class=\"elementor-background-video-hosted\" role=\"presentation\" autoplay muted playsinline loop><\/video>\n\t\t\t\t\t<\/div><div class=\"elementor-element elementor-element-f7cfb00 e-con-full e-flex e-con e-child\" data-id=\"f7cfb00\" data-element_type=\"container\" data-e-type=\"container\">\n\t\t<div class=\"elementor-element elementor-element-ea48a80 e-flex e-con-boxed e-con e-child\" data-id=\"ea48a80\" data-element_type=\"container\" data-e-type=\"container\">\n\t\t\t\t\t<div class=\"e-con-inner\">\n\t\t\t\t<div class=\"elementor-element elementor-element-0054c83 elementor-widget elementor-widget-heading\" data-id=\"0054c83\" data-element_type=\"widget\" data-e-type=\"widget\" data-widget_type=\"heading.default\">\n\t\t\t\t<div class=\"elementor-widget-container\">\n\t\t\t\t\t<h2 class=\"elementor-heading-title elementor-size-default\">Imprint<\/h2>\t\t\t\t<\/div>\n\t\t\t\t<\/div>\n\t\t\t\t\t<\/div>\n\t\t\t\t<\/div>\n\t\t\t\t<\/div>\n\t\t\t\t<\/div>\n\t\t<div class=\"elementor-element elementor-element-81e6c84 e-flex e-con-boxed e-con e-parent\" data-id=\"81e6c84\" data-element_type=\"container\" data-e-type=\"container\">\n\t\t\t\t\t<div class=\"e-con-inner\">\n\t\t\t\t<div class=\"elementor-element elementor-element-044d6e7 elementor-widget elementor-widget-text-editor\" data-id=\"044d6e7\" data-element_type=\"widget\" data-e-type=\"widget\" data-widget_type=\"text-editor.default\">\n\t\t\t\t<div class=\"elementor-widget-container\">\n\t\t\t\t\t\t\t\t\t<h2 data-kb-block=\"kb-adv-heading_84f119-01\">Imprint<\/h2>\n<h4>Information according to \u00a7 5 TMG<\/h4>\n<p><strong>Artemis Synergy GmbH \u2013 a subsidiary of Stay Limitless GmbH<\/strong><br>Klausnerring 17<br>85551 Kirchheim near Munich<br>Germany<\/p>\n<p>Managing Directors: Ysabel Nikolaou &amp; Athanassios Nikolaou<\/p>\n<p>Owner: Athanassios Nikolaou<\/p>\n<p><strong>VAT ID:<\/strong> DE 320 480 126<br>Munich District Court HRB 297431<\/p>\n<h3>Contact<\/h3>\n<p><a href=\"tel:+4989200030880\" target=\"_blank\" rel=\"noopener\">+49 (0)89 \/ 2000308 &#8211; 80<\/a><br><a href=\"mailto:info@artemis-synergy.de\" target=\"_blank\" rel=\"noopener\">info@artemis-synergy.de<\/a><br><a href=\"https:\/\/artemis-synergy.de\/en\/\">www.artemis-synergy.de<\/a><\/p>\n<h3>Person responsible for content according to \u00a7 5 TMG and \u00a7 55 RStV:<\/h3>\n<p>Athanassios Nikolaou<\/p>\n<h3>Design &amp; Development<\/h3>\n<p><strong><a href=\"httos:\/\/justmake-marketing.de\" target=\"_blank\" rel=\"noopener\">JustMake Marketing<\/a><\/strong><br>Ludwigstra\u00dfe 52-54<br>84524 Neu\u00f6tting<br>Germany<\/p>\n<p><a href=\"tel:+4986719578948\" target=\"_blank\" rel=\"noopener\">+49 (0) 8671 \/ 9578948<\/a><br><a href=\"mailto:info@justmake-marketing.de\" target=\"_blank\" rel=\"noopener\">info@justmake-marketing.de<\/a><br><a href=\"http:\/\/justmake-marketing.de\/\" target=\"_blank\" rel=\"noopener\">justmake-marketing.de<\/a><\/p>\n<h3>Liability for content<\/h3>\n<p>As a service provider, we are responsible for our own content on these pages in accordance with Section 7 (1) of the German Telemedia Act (TMG). However, according to Sections 8 to 10 of the German Telemedia Act (TMG), we as service providers are not obligated to monitor transmitted or stored third-party information or to investigate circumstances that indicate illegal activity.<\/p>\n<p>Obligations to remove or block the use of information under general law remain unaffected. However, liability in this regard is only possible at the time of knowledge about a specific violation of law. Upon becoming aware of such violations, we will remove such content immediately.<\/p>\n<h3>Haftung f\u00fcr Links<\/h3>\n<p>Our website contains links to external third-party websites over whose content we have no influence. Therefore, we cannot accept any liability for this external content. The respective provider or operator of the linked pages is always responsible for the content of the linked pages. The linked pages were reviewed for possible legal violations at the time of linking. No illegal content was apparent at the time of linking.<\/p>\n<p>However, permanent monitoring of the content of linked pages is unreasonable without concrete evidence of a legal violation. Upon notification of any legal violations, we will remove such links immediately.<\/p>\n<h3>Copyright<\/h3>\n<p>The content and works on these pages created by the site operators are subject to German copyright law. Reproduction, processing, distribution, and any form of exploitation outside the limits of copyright law require the written consent of the respective author or creator. Downloads and copies of this site are permitted only for private, non-commercial use.<\/p>\n<p>To the extent that the content on this site was not created by the operator, the copyrights of third parties are respected. In particular, third-party content is marked as such. Should you nevertheless become aware of a copyright infringement, please notify us accordingly. Upon notification of any such violations, we will remove such content immediately.<\/p>\t\t\t\t\t\t\t\t<\/div>\n\t\t\t\t<\/div>\n\t\t\t\t\t<\/div>\n\t\t\t\t<\/div>\n\t\t\t\t<\/div>","protected":false},"excerpt":{"rendered":"<p>Impressum Impressum Angaben gem\u00e4\u00df \u00a7 5 TMG Artemis Synergy GmbH &#8211;&nbsp;eine Tochtergesellschaft der Stay&nbsp;Limitless&nbsp;GmbHKlausnerring 1785551 Kirchheim bei M\u00fcnchenDeutschland Gesch\u00e4ftsf\u00fchrer: Ysabel Nikolaou &amp; Athanassios Nikolaou Inhaber: Athanassios Nikolaou Umsatzsteuer ID: DE 320 480 126Amtsgericht M\u00fcnchen HRB 297431 Kontakt +49 (0)89 \/ 2000308 &#8211; 80info@artemis-synergy.dewww.artemis-synergy.de Inhaltlich Verantwortlicher nach \u00a7 5 TMG und \u00a7 55 RStV: Athanassios Nikolaou [&hellip;]<\/p>\n","protected":false},"author":1,"featured_media":0,"parent":0,"menu_order":0,"comment_status":"closed","ping_status":"closed","template":"","meta":{"ocean_post_layout":"","ocean_both_sidebars_style":"","ocean_both_sidebars_content_width":0,"ocean_both_sidebars_sidebars_width":0,"ocean_sidebar":"","ocean_second_sidebar":"","ocean_disable_margins":"enable","ocean_add_body_class":"","ocean_shortcode_before_top_bar":"","ocean_shortcode_after_top_bar":"","ocean_shortcode_before_header":"","ocean_shortcode_after_header":"","ocean_has_shortcode":"","ocean_shortcode_after_title":"","ocean_shortcode_before_footer_widgets":"","ocean_shortcode_after_footer_widgets":"","ocean_shortcode_before_footer_bottom":"","ocean_shortcode_after_footer_bottom":"","ocean_display_top_bar":"default","ocean_display_header":"default","ocean_header_style":"","ocean_center_header_left_menu":"","ocean_custom_header_template":"","ocean_custom_logo":0,"ocean_custom_retina_logo":0,"ocean_custom_logo_max_width":0,"ocean_custom_logo_tablet_max_width":0,"ocean_custom_logo_mobile_max_width":0,"ocean_custom_logo_max_height":0,"ocean_custom_logo_tablet_max_height":0,"ocean_custom_logo_mobile_max_height":0,"ocean_header_custom_menu":"","ocean_menu_typo_font_family":"","ocean_menu_typo_font_subset":"","ocean_menu_typo_font_size":0,"ocean_menu_typo_font_size_tablet":0,"ocean_menu_typo_font_size_mobile":0,"ocean_menu_typo_font_size_unit":"px","ocean_menu_typo_font_weight":"","ocean_menu_typo_font_weight_tablet":"","ocean_menu_typo_font_weight_mobile":"","ocean_menu_typo_transform":"","ocean_menu_typo_transform_tablet":"","ocean_menu_typo_transform_mobile":"","ocean_menu_typo_line_height":0,"ocean_menu_typo_line_height_tablet":0,"ocean_menu_typo_line_height_mobile":0,"ocean_menu_typo_line_height_unit":"","ocean_menu_typo_spacing":0,"ocean_menu_typo_spacing_tablet":0,"ocean_menu_typo_spacing_mobile":0,"ocean_menu_typo_spacing_unit":"","ocean_menu_link_color":"","ocean_menu_link_color_hover":"","ocean_menu_link_color_active":"","ocean_menu_link_background":"","ocean_menu_link_hover_background":"","ocean_menu_link_active_background":"","ocean_menu_social_links_bg":"","ocean_menu_social_hover_links_bg":"","ocean_menu_social_links_color":"","ocean_menu_social_hover_links_color":"","ocean_disable_title":"default","ocean_disable_heading":"default","ocean_post_title":"","ocean_post_subheading":"","ocean_post_title_style":"","ocean_post_title_background_color":"","ocean_post_title_background":0,"ocean_post_title_bg_image_position":"","ocean_post_title_bg_image_attachment":"","ocean_post_title_bg_image_repeat":"","ocean_post_title_bg_image_size":"","ocean_post_title_height":0,"ocean_post_title_bg_overlay":0.5,"ocean_post_title_bg_overlay_color":"","ocean_disable_breadcrumbs":"default","ocean_breadcrumbs_color":"","ocean_breadcrumbs_separator_color":"","ocean_breadcrumbs_links_color":"","ocean_breadcrumbs_links_hover_color":"","ocean_display_footer_widgets":"default","ocean_display_footer_bottom":"default","ocean_custom_footer_template":"","footnotes":""},"class_list":["post-28","page","type-page","status-publish","hentry","entry"],"_links":{"self":[{"href":"https:\/\/artemis-synergy.de\/en\/wp-json\/wp\/v2\/pages\/28","targetHints":{"allow":["GET"]}}],"collection":[{"href":"https:\/\/artemis-synergy.de\/en\/wp-json\/wp\/v2\/pages"}],"about":[{"href":"https:\/\/artemis-synergy.de\/en\/wp-json\/wp\/v2\/types\/page"}],"author":[{"embeddable":true,"href":"https:\/\/artemis-synergy.de\/en\/wp-json\/wp\/v2\/users\/1"}],"replies":[{"embeddable":true,"href":"https:\/\/artemis-synergy.de\/en\/wp-json\/wp\/v2\/comments?post=28"}],"version-history":[{"count":10,"href":"https:\/\/artemis-synergy.de\/en\/wp-json\/wp\/v2\/pages\/28\/revisions"}],"predecessor-version":[{"id":5179,"href":"https:\/\/artemis-synergy.de\/en\/wp-json\/wp\/v2\/pages\/28\/revisions\/5179"}],"wp:attachment":[{"href":"https:\/\/artemis-synergy.de\/en\/wp-json\/wp\/v2\/media?parent=28"}],"curies":[{"name":"wp","href":"https:\/\/api.w.org\/{rel}","templated":true}]}}